{"id":21,"date":"2022-06-09T15:55:18","date_gmt":"2022-06-09T15:55:18","guid":{"rendered":"https:\/\/top1contabilidade.com.br\/sitenovo\/services\/"},"modified":"2022-06-09T22:22:14","modified_gmt":"2022-06-09T22:22:14","slug":"services","status":"publish","type":"page","link":"https:\/\/top1contabilidade.com.br\/sitenovo\/services\/","title":{"rendered":"Services"},"content":{"rendered":"\n\n\n\n\n\n<h2><span style=\"color: #2A83F9\">Nossos&nbsp;<\/span>Servi\u00e7os<\/h2>\n<h4>Conhe\u00e7a a gama de servi\u00e7os que a Top One Cont\u00e1bil oferece para sua empresa<\/h4>\n\n\n\n\n<p style=\"\"><span style=\"color:#000000;\">Abra sua empresa com a estrutura societ\u00e1ria mais adequada, sempre com foco na economia tribut\u00e1ria.<\/span><br><\/p>\n<p style=\"\"><span style=\"color:#000000;\">Imprescind\u00edvel para qualquer empresa, sendo respons\u00e1vel pela execu\u00e7\u00e3o de toda a rotina de departamento de pessoal.<\/span><br><\/p>\n\n\n<p style=\"\"><span style=\"color:#000000;\">Conte com os melhores especialistas para atender as necessidades legais da sua empresa.<\/span><br><\/p>\n<p style=\"\"><span style=\"color:#000000;\">Terceiriza\u00e7\u00e3o do seu departamento financeiro,&nbsp; permitimos que voc\u00ea mantenha-se focado na gest\u00e3o dos seus neg\u00f3cio.<\/span><font face=\"PT Sans\"><strong><span style=\"color: rgb(0, 0, 0); background-color: rgb(70, 79, 88);\"><\/span><\/strong><\/font><br><\/p>\n\n\n<p style=\"\">Sua empresa com uma assessoria completa para atender a todas as obriga\u00e7\u00f5es fiscais.<br><\/p>\n<p style=\"\">Servi\u00e7os completos em quest\u00f5es que envolvem a parte legal (administrativa) das empresas junto aos \u00f3rg\u00e3os p\u00fablicos e privados.<br><\/p>\n\n\n\n\n","protected":false},"excerpt":{"rendered":"","protected":false},"author":0,"featured_media":0,"parent":0,"menu_order":0,"comment_status":"closed","ping_status":"closed","template":"","meta":{"pagelayer_contact_templates":[],"_pagelayer_content":"","_mc_calendar":[],"footnotes":""},"class_list":["post-21","page","type-page","status-publish","hentry"],"aioseo_notices":[],"_links":{"self":[{"href":"https:\/\/top1contabilidade.com.br\/sitenovo\/wp-json\/wp\/v2\/pages\/21","targetHints":{"allow":["GET"]}}],"collection":[{"href":"https:\/\/top1contabilidade.com.br\/sitenovo\/wp-json\/wp\/v2\/pages"}],"about":[{"href":"https:\/\/top1contabilidade.com.br\/sitenovo\/wp-json\/wp\/v2\/types\/page"}],"replies":[{"embeddable":true,"href":"https:\/\/top1contabilidade.com.br\/sitenovo\/wp-json\/wp\/v2\/comments?post=21"}],"version-history":[{"count":2,"href":"https:\/\/top1contabilidade.com.br\/sitenovo\/wp-json\/wp\/v2\/pages\/21\/revisions"}],"predecessor-version":[{"id":102,"href":"https:\/\/top1contabilidade.com.br\/sitenovo\/wp-json\/wp\/v2\/pages\/21\/revisions\/102"}],"wp:attachment":[{"href":"https:\/\/top1contabilidade.com.br\/sitenovo\/wp-json\/wp\/v2\/media?parent=21"}],"curies":[{"name":"wp","href":"https:\/\/api.w.org\/{rel}","templated":true}]}}