{"id":22,"date":"2022-06-09T15:55:19","date_gmt":"2022-06-09T18:55:19","guid":{"rendered":"https:\/\/top1contabilidade.com.br\/sitenovo\/about\/"},"modified":"2022-07-06T20:24:07","modified_gmt":"2022-07-06T23:24:07","slug":"about","status":"publish","type":"page","link":"https:\/\/top1contabilidade.com.br\/sitenovo\/about\/","title":{"rendered":"About"},"content":{"rendered":"\n\n\n\n\n\n<h2><span style=\"color: #2A83F9\">Sobre&nbsp;<\/span>a Top One Contabilidade<\/h2>\n\n\n<p><span style=\"font-family: Arial; font-size: large;\"><span style=\"color:#000000;\"><strong><br><\/strong><\/span><\/span><\/p>\n<p><span style=\"font-family: Arial; font-size: large;\"><span style=\"color:#000000;\"><strong><br><\/strong><\/span><\/span><\/p>\n<p><span style=\"font-family: Arial; font-size: large;\"><span style=\"color:#000000;\"><strong>Miss\u00e3o<br style=\"-webkit-font-smoothing: antialiased;\">\u201cFornecer ao cliente toda estrutura necess\u00e1ria para que ele se concentre somente na administra\u00e7\u00e3o do seu ramo de neg\u00f3cio.\u201d<br style=\"-webkit-font-smoothing: antialiased;\"><br style=\"-webkit-font-smoothing: antialiased;\">Vis\u00e3o&nbsp;<br style=\"-webkit-font-smoothing: antialiased;\"><\/strong><\/span><\/span><span style=\"font-weight: bolder; font-family: Arial; font-size: large;\">\u201c<\/span><span style=\"font-family: Arial; font-size: large;\"><span style=\"color:#000000;\"><strong>Estabelecimento de parceria com nossos clientes e responsabilidade profissional como principal objetivo.\u201d<br style=\"-webkit-font-smoothing: antialiased;\"><br style=\"-webkit-font-smoothing: antialiased;\">Valores<br style=\"-webkit-font-smoothing: antialiased;\"><\/strong><\/span><\/span><span style=\"font-weight: bolder; font-family: Arial; font-size: large;\">\u201c<\/span><span style=\"font-family: Arial; font-size: large;\"><span style=\"color:#000000;\"><strong>Qualidade e Transpar\u00eancia.<\/strong><\/span><\/span><span style=\"font-family: Arial; font-size: large; font-weight: bolder;\">\u201d<\/span><\/p>\n<h4 style=\"text-align: justify;\">Desde o in\u00edcio, nos dedicamos ao aux\u00edlio da administra\u00e7\u00e3o de empresas dos mais variados portes e segmentos, usando as mais modernas t\u00e9cnicas cont\u00e1beis e administrativas. Nosso escrit\u00f3rio conta com uma equipe t\u00e9cnica em constante capacita\u00e7\u00e3o, oferecendo sempre o que h\u00e1 de mais inovador nas \u00e1reas de contabilidade.<br><\/h4>\n\n\n<p style=\"\"><span style=\"color:#000000;\">Nossa equipe \u00e9 formada por profissionais que possuem alta qualifica\u00e7\u00e3o, experi\u00eancia e forma\u00e7\u00e3o direcionada aos mais diversos segmentos .<\/span><br><\/p>\n\n\n<p style=\"font-size: 16px\">Suas informa\u00e7\u00f5es s\u00e3o guardadas de forma segura e protegida, garantindo toda a tranquilidade para seu neg\u00f3cio.<\/p>\n\n\n<p style=\"color: rgb(0, 0, 0);\">Somos comprometidos com os nossos parceiros, entregando o melhor de nossa equipe para gerarmos resultados promissores.<\/p>\n\n\n\n\n\n\n\n\n\n\n","protected":false},"excerpt":{"rendered":"","protected":false},"author":0,"featured_media":0,"parent":0,"menu_order":0,"comment_status":"closed","ping_status":"closed","template":"","meta":{"pagelayer_contact_templates":[],"_pagelayer_content":"","_mc_calendar":[],"footnotes":""},"class_list":["post-22","page","type-page","status-publish","hentry"],"aioseo_notices":[],"_links":{"self":[{"href":"https:\/\/top1contabilidade.com.br\/sitenovo\/wp-json\/wp\/v2\/pages\/22","targetHints":{"allow":["GET"]}}],"collection":[{"href":"https:\/\/top1contabilidade.com.br\/sitenovo\/wp-json\/wp\/v2\/pages"}],"about":[{"href":"https:\/\/top1contabilidade.com.br\/sitenovo\/wp-json\/wp\/v2\/types\/page"}],"replies":[{"embeddable":true,"href":"https:\/\/top1contabilidade.com.br\/sitenovo\/wp-json\/wp\/v2\/comments?post=22"}],"version-history":[{"count":12,"href":"https:\/\/top1contabilidade.com.br\/sitenovo\/wp-json\/wp\/v2\/pages\/22\/revisions"}],"predecessor-version":[{"id":341,"href":"https:\/\/top1contabilidade.com.br\/sitenovo\/wp-json\/wp\/v2\/pages\/22\/revisions\/341"}],"wp:attachment":[{"href":"https:\/\/top1contabilidade.com.br\/sitenovo\/wp-json\/wp\/v2\/media?parent=22"}],"curies":[{"name":"wp","href":"https:\/\/api.w.org\/{rel}","templated":true}]}}