{"id":23,"date":"2022-06-09T15:55:19","date_gmt":"2022-06-09T18:55:19","guid":{"rendered":"https:\/\/top1contabilidade.com.br\/sitenovo\/home\/"},"modified":"2023-05-03T01:19:20","modified_gmt":"2023-05-03T04:19:20","slug":"inicial","status":"publish","type":"page","link":"https:\/\/top1contabilidade.com.br\/sitenovo\/","title":{"rendered":"Inicial"},"content":{"rendered":"\n\n\n<h1 class=\"kv-ee-cover-title kv-ee-section-title kv-ee-section-title--md\" style=\"-webkit-font-smoothing: antialiased; margin-bottom: 1.5rem; line-height: normal; word-break: break-word; opacity: 1; transform: translateY(0px);\" tabindex=\"0\" data-type=\"text\"><span style=\"vertical-align: inherit;\"><span style=\"vertical-align: inherit;\"><strong>Efici\u00eancia em servi\u00e7os cont\u00e1beis<\/strong><\/span><\/span><\/h1>\n<h4><span style=\"vertical-align: inherit; color: #ffffff; line-height: 1;\"><span style=\"vertical-align: inherit;\"><span style=\"vertical-align: inherit; color: rgb(255, 255, 255);\">Servi\u00e7os cont\u00e1beis com tranquilidade, seguran\u00e7a e assertividade para sua empresa.&nbsp;<\/span><\/span><\/span><\/h4>\n\n\n\n\n\n\n\n\r\n<p><span style=\"color: #000000;\">Abra sua empresa com a estrutura societ\u00e1ria mais adequada, sempre com foco na economia tribut\u00e1ria.<\/span><\/p>\r\n\n\n\n\r\n<p style=\"color: #000000;\">Conte com especialistas para atender as necessidades legais da sua empresa.<\/p>\r\n\n\n\n\r\n<p>Imprescind\u00edvel para qualquer empresa, sendo respons\u00e1vel pela execu\u00e7\u00e3o de toda a rotina de departamento de pessoal.<\/p>\r\n\n\n\n\r\n<p>Sua empresa com uma assessoria completa para atender a todas as obriga\u00e7\u00f5es fiscais.<\/p>\r\n\n\n\n\n\n\n\n\r\n<h6>Mais seguran\u00e7a para sua empresa.<\/h6>\r\n\n\r\n<h2><span style=\"color: #2a83f9;\">Compet\u00eancia e confian\u00e7a<\/span><\/h2>\r\n\n\n\n<p><span style=\"color: #000000;\"><font style=\"vertical-align: inherit;\"><font style=\"vertical-align: inherit;\">A Top One trabalha com uma assessoria cont\u00e1bil de forma \u00e1gil e eficiente. <\/font><\/font><\/span><\/p>\n<p><span style=\"color: #000000;\"><font style=\"vertical-align: inherit;\"><font style=\"vertical-align: inherit;\"><\/font><font style=\"vertical-align: inherit;\"><font style=\"vertical-align: inherit;\"><font style=\"vertical-align: inherit;\">Acompanhamos todas as necessidades do seu neg\u00f3cio e vamos al\u00e9m do esperado. <\/font><\/font><\/font><\/font><\/span><\/p>\n<p><span style=\"color: #000000;\"><font style=\"vertical-align: inherit;\"><font style=\"vertical-align: inherit;\"><font style=\"vertical-align: inherit;\"><font style=\"vertical-align: inherit;\"><\/font><\/font><\/font><font style=\"vertical-align: inherit;\"><font style=\"vertical-align: inherit;\"><font style=\"vertical-align: inherit;\">Entregamos confian\u00e7a e tranquilidade atrav\u00e9s da nossa equipe de especialistas<\/font><\/font><\/font><\/font><\/span><\/p>\n\n\n\n\n\r\n<p><span style=\"color: #000000;\">Tenha aten\u00e7\u00e3o no que \u00e9 mais importante no seu neg\u00f3cio, com mais tempo e agilidade para cativar e inovar com seus clientes.<\/span><\/p>\r\n\n\n\n\r\n<p><span style=\"color: #000000;\">Somos comprometidos com nossos parceiros, entregando sempre o melhor para gerarmos resultados cada vez mais rent\u00e1veis.\u00a0<\/span><\/p>\r\n\n\n\n\r\n<p style=\"font-size: 16px;\">N\u00e3o deixe que a falta de tempo atrapalhe suas decis\u00f5es. Nossa equipe esta preparada para auxilia-lo nas horas mais complexas.<\/p>\r\n\n\n\n\n\n\r\n<h2><span style=\"color: #2a83f9;\">Nossos\u00a0<\/span>parceiros<\/h2>\r\n\n\r\n<h4>A satisfa\u00e7\u00e3o de quem j\u00e1 conhece<\/h4>\r\n\n\n\n\n\n\n\n\n\n\n\n\n\n\n\n\n\n","protected":false},"excerpt":{"rendered":"","protected":false},"author":1,"featured_media":0,"parent":0,"menu_order":1,"comment_status":"closed","ping_status":"closed","template":"","meta":{"pagelayer_contact_templates":[],"_pagelayer_content":"","_mc_calendar":[],"footnotes":""},"class_list":["post-23","page","type-page","status-publish","hentry"],"aioseo_notices":[],"_links":{"self":[{"href":"https:\/\/top1contabilidade.com.br\/sitenovo\/wp-json\/wp\/v2\/pages\/23","targetHints":{"allow":["GET"]}}],"collection":[{"href":"https:\/\/top1contabilidade.com.br\/sitenovo\/wp-json\/wp\/v2\/pages"}],"about":[{"href":"https:\/\/top1contabilidade.com.br\/sitenovo\/wp-json\/wp\/v2\/types\/page"}],"author":[{"embeddable":true,"href":"https:\/\/top1contabilidade.com.br\/sitenovo\/wp-json\/wp\/v2\/users\/1"}],"replies":[{"embeddable":true,"href":"https:\/\/top1contabilidade.com.br\/sitenovo\/wp-json\/wp\/v2\/comments?post=23"}],"version-history":[{"count":81,"href":"https:\/\/top1contabilidade.com.br\/sitenovo\/wp-json\/wp\/v2\/pages\/23\/revisions"}],"predecessor-version":[{"id":752,"href":"https:\/\/top1contabilidade.com.br\/sitenovo\/wp-json\/wp\/v2\/pages\/23\/revisions\/752"}],"wp:attachment":[{"href":"https:\/\/top1contabilidade.com.br\/sitenovo\/wp-json\/wp\/v2\/media?parent=23"}],"curies":[{"name":"wp","href":"https:\/\/api.w.org\/{rel}","templated":true}]}}